{"id":6737,"date":"2019-11-27T20:20:49","date_gmt":"2019-11-28T01:20:49","guid":{"rendered":"https:\/\/roseninstitute.net\/?page_id=6737"},"modified":"2024-03-31T16:04:04","modified_gmt":"2024-03-31T20:04:04","slug":"rosen-institute-ethics-policies","status":"publish","type":"page","link":"https:\/\/roseninstitute.net\/fr\/rosen-institute-ethics-policies\/","title":{"rendered":"Rosen Institute Ethics Policies"},"content":{"rendered":"<p>Rosen Institute policies support and protect professionals in their Rosen Method practice and training as well as clients who benefit from the services of Rosen Method professionals.&nbsp;&nbsp;The&nbsp;<a href=\"http:\/\/roseninstitute.wpengine.com\/wp-content\/uploads\/2017\/05\/RIEthicsPolicy_Jun2017.pdf\" target=\"_blank\" rel=\"noreferrer noopener\">Ethical Principle, Scope of Practice, and Professional Code of Conduct<\/a>&nbsp;was adopted by the Board in October of 2014, replacing an older version from 1996.&nbsp;&nbsp; This policy is accompanied by a&nbsp;<a href=\"http:\/\/roseninstitute.wpengine.com\/wp-content\/uploads\/2017\/05\/RIEthicsPolicy_PractitionerPledge_Jun2015.pdf\" target=\"_blank\" rel=\"noreferrer noopener\">Practitioner\u2019s Pledge<\/a>&nbsp;and a&nbsp;<a href=\"http:\/\/roseninstitute.wpengine.com\/wp-content\/uploads\/2017\/05\/RIEthicsPolicy_StudentPlege_Jun2015.pdf\" target=\"_blank\" rel=\"noreferrer noopener\">Student\u2019s Pledge<\/a>.<\/p><p>These policies have been translated in a number of languages and can be downloaded for your reference.&nbsp;&nbsp;<\/p><h4 class=\"wp-block-heading\">Rosen Institute Ethical Council <\/h4><p>The Rosen Institute Ethical Council (RIEC) was created in 2017 and is made up of one Senior Teacher (Chair), and three other Rosen Institute members (training teachers, movement teachers or bodywork practitioners).&nbsp; All members are elected by the ATG and RI Board.<\/p><p> The purpose of the RIEC is to:<\/p><ol class=\"wp-block-list\"><li>Create documents to guide the workings of the\nRIEC, and revise and update Rosen Institute Ethics documents as needed.<\/li><li>Provide support, training, and education in\nprofessional ethics for RI members, RMPAs, and Rosen Method Training Centers. <\/li><li>Investigate allegations of professional\nmisconduct in order to protect those who practice and those who receive the\nRosen Method.&nbsp; &nbsp; The RIEC presides over ethical issues that\nhave not <em>already<\/em> been resolved at the local or country level.<\/li><\/ol><p>The RIEC can be contacted directly at <a href=\"&#109;a&#x69;l&#x74;o&#x3a;r&#x69;e&#x74;h&#x69;&#99;&#x61;&#108;&#x63;&#111;&#x75;&#110;&#x63;&#105;&#x6c;&#64;&#x67;&#109;a&#x69;l&#x2e;c&#x6f;m\">r&#105;&#101;&#x74;&#x68;&#x69;ca&#108;&#99;&#x6f;&#x75;&#x6e;c&#105;&#108;&#64;&#x67;&#x6d;&#x61;i&#108;&#46;&#x63;&#x6f;&#x6d;<\/a><\/p><h4 class=\"wp-block-heading\">Bosnian Language<\/h4><ul class=\"wp-block-list\"><li><a rel=\"noreferrer noopener\" href=\"https:\/\/roseninstitute.net\/wp-content\/uploads\/2019\/05\/RIEthicsPolicy_Jun2017_Bosnian.pdf\" target=\"_blank\">Eti\u010dki principi, oblast primjene i kodeks profesionalnog pona\u0161anja za Rozen metodu i Rozen pokrete<\/a><\/li><li><a rel=\"noreferrer noopener\" href=\"https:\/\/roseninstitute.net\/wp-content\/uploads\/2019\/05\/RIEthicsPolicy_Jun2017_Bosnian.pdf\" target=\"_blank\">Eti\u010dka zakletva<\/a><\/li><li><a rel=\"noreferrer noopener\" href=\"https:\/\/roseninstitute.net\/wp-content\/uploads\/2019\/05\/RIEthicsPolicy_Jun2017_Bosnian.pdf\" target=\"_blank\">Eti\u010dke obaveze u\u010denika<\/a><\/li><\/ul><h4 class=\"wp-block-heading\">Croatian Language<\/h4><ul class=\"wp-block-list\"><li><a rel=\"noreferrer noopener\" href=\"https:\/\/roseninstitute.net\/wp-content\/uploads\/2019\/05\/RIEthicsPolicy_Jun2017_HR.pdf\" target=\"_blank\">Eti\u010dki principi, oblast primjene i kodeks profesionalnog pona\u0161anja za Rozen metodu i Rozen pokrete<\/a><\/li><li><a rel=\"noreferrer noopener\" href=\"https:\/\/roseninstitute.net\/wp-content\/uploads\/2019\/05\/RIEthicsPolicy_PractitionerPledge_Jun2015_HR.pdf\" target=\"_blank\">Eti\u010dka zakletva<\/a><\/li><li><a rel=\"noreferrer noopener\" href=\"https:\/\/roseninstitute.net\/wp-content\/uploads\/2019\/05\/RIEthicsPolicy_StudentPlege_Jun2015_HR.pdf\" target=\"_blank\">Eti\u010dke obaveze u\u010denika<\/a><\/li><\/ul><h4 class=\"wp-block-heading\">Danish Language<\/h4><ul class=\"wp-block-list\"><li><a rel=\"noreferrer noopener\" href=\"http:\/\/roseninstitute.wpengine.com\/wp-content\/uploads\/2015\/03\/DanishEthicsPolicy_2015.pdf\" target=\"_blank\">Etiske&nbsp;principper,&nbsp;fagomr\u00e5de&nbsp;og&nbsp;faglige&nbsp;retningslinjer&nbsp;for&nbsp;professionel&nbsp;adf\u00e6rd&nbsp;for&nbsp;&nbsp;Rosenmetodens&nbsp;kropsarbejde&nbsp;og&nbsp;bev\u00e6gelser<\/a><\/li><li><a rel=\"noreferrer noopener\" href=\"http:\/\/roseninstitute.wpengine.com\/wp-content\/uploads\/2015\/03\/DanishEthicalPledge_2015.pdf\" target=\"_blank\">Etisk&nbsp;l\u00f8fte<\/a><\/li><li><a rel=\"noreferrer noopener\" href=\"http:\/\/roseninstitute.wpengine.com\/wp-content\/uploads\/2015\/03\/DanishStudentEthicalPledge_2015.pdf\" target=\"_blank\">Elevers&nbsp;etiske&nbsp;forpligtelse<\/a><\/li><\/ul><h4 class=\"wp-block-heading\">English Language<\/h4><h4 class=\"wp-block-heading\">Finnish Language<\/h4><ul class=\"wp-block-list\"><li><a rel=\"noreferrer noopener\" href=\"http:\/\/roseninstitute.wpengine.com\/wp-content\/uploads\/2015\/03\/Rosen-metodia-ja-Rosen-liikuntaa-koskevat-eettiset-ja-ammatilliset-ohjeet-sek\u00e4-k\u00e4yt\u00e4nnes\u00e4\u00e4nn\u00f6t.pdf\" target=\"_blank\">Rosen-metodia ja Rosen-liikuntaa koskevat eettiset ja ammatilliset ohjeet sek\u00e4 k\u00e4yt\u00e4nnes\u00e4\u00e4nn\u00f6t<\/a><\/li><li><a rel=\"noreferrer noopener\" href=\"http:\/\/roseninstitute.wpengine.com\/wp-content\/uploads\/2015\/03\/Rosen-metodi-opiskelijan-eettinen-sitoumus.pdf\" target=\"_blank\">Rosen-metodi, opiskelijan eettinen sitoumus<\/a><\/li><li><a rel=\"noreferrer noopener\" href=\"http:\/\/roseninstitute.wpengine.com\/wp-content\/uploads\/2015\/03\/Rosen-ammattilaisen-eettinen-sitoumus.pdf\" target=\"_blank\">Rosen-ammattilaisen eettinen sitoumus<\/a><\/li><\/ul><h4 class=\"wp-block-heading\">French Language<\/h4><ul class=\"wp-block-list\"><li><a rel=\"noreferrer noopener\" href=\"https:\/\/roseninstitute.net\/wp-content\/uploads\/2020\/04\/Code-E\u0301thique_RosenInstitue_2018.pdf\" target=\"_blank\">Principes Ethiques, Champ d&rsquo;Activit\u00e9 et Code de D\u00e9ontologie Professionnelle pour le Travail Corporel et le Mouvement de la M\u00e9thode Rosen<\/a><\/li><li><a href=\"https:\/\/roseninstitute.net\/wp-content\/uploads\/2019\/04\/Rosen-Institute-Engagemente\u0301tiquedesprofessionnels_Me\u0301thodeRosen-_2017-.pdf\" target=\"_blank\" rel=\"noreferrer noopener\">Engagement \u00e9tique des professionnels de la M\u00e9thode Rosen<\/a><\/li><li><a href=\"https:\/\/roseninstitute.net\/wp-content\/uploads\/2019\/04\/Engagement_moral_del\u2019e\u0301tudiant_2017-.pdf\" target=\"_blank\" rel=\"noreferrer noopener\">Engagement moral de l\u2019\u00e9tudiant<\/a><\/li><\/ul><h4 class=\"wp-block-heading\">German Language<\/h4><ul class=\"wp-block-list\"><li><a rel=\"noreferrer noopener\" href=\"https:\/\/roseninstitute.net\/wp-content\/uploads\/2018\/07\/Ethik-endfassung_2017.pdf\" target=\"_blank\">Ethische Prinzipien<\/a><\/li><li><a rel=\"noreferrer noopener\" href=\"https:\/\/roseninstitute.net\/wp-content\/uploads\/2018\/07\/Ethisches-Versprechen.pdf\" target=\"_blank\">Ethisches Versprechen<\/a><\/li><li><a rel=\"noreferrer noopener\" href=\"https:\/\/roseninstitute.net\/wp-content\/uploads\/2018\/07\/Ethik-endfassung_2017.pdf\" target=\"_blank\">Ethische Vereinbarung f\u00fcr Lernende der Rosen-Methode<\/a><\/li><\/ul><h4 class=\"wp-block-heading\">Norwegian Language<\/h4><ul class=\"wp-block-list\"><li><a rel=\"noreferrer noopener\" href=\"https:\/\/roseninstitute.net\/wp-content\/uploads\/2019\/04\/Etiske-regler-fagomr\u00e5deRI.pdf\" target=\"_blank\">Etiske regler, fagomr\u00e5de (RI)<\/a><\/li><li><a rel=\"noreferrer noopener\" href=\"https:\/\/roseninstitute.net\/wp-content\/uploads\/2019\/05\/RI-etisk-l\u00f8fte-for-ut\u00f8vere.pdf\" target=\"_blank\">RI etisk l\u00f8fte for ut\u00f8vere<\/a><\/li><li><a rel=\"noreferrer noopener\" href=\"https:\/\/roseninstitute.net\/wp-content\/uploads\/2019\/05\/RI-etisk-l\u00f8fte-elever.pdf\" target=\"_blank\">Etisk avtale for elever<\/a><\/li><\/ul><h4 class=\"wp-block-heading\">Russian Language<\/h4><ul class=\"wp-block-list\"><li><a rel=\"noreferrer noopener\" href=\"https:\/\/roseninstitute.net\/wp-content\/uploads\/2018\/11\/\u042d\u0442\u0438\u0447\u0435\u0441\u043a\u0438\u0439-\u043a\u043e\u0434\u0435\u043a\u0441_RIEthicsPolicy_Russian.pdf\" target=\"_blank\">\u042d\u0442\u0438\u0447\u0435\u0441\u043a\u0438\u0435 \u043e\u0431\u044f\u0437\u0430\u0442\u0435\u043b\u044c\u0441\u0442\u0432\u0430<\/a><\/li><li><a rel=\"noreferrer noopener\" href=\"http:\/\/roseninstitute.wpengine.com\/wp-content\/uploads\/2015\/03\/Practitioner-Pledge_\u044d\u0442\u0438\u043a\u0430-\u043f\u0440\u043e\u0444\u0435\u0441\u0441\u0438\u043e\u043d\u0430\u043b.pdf\" target=\"_blank\">\u042d\u0442\u0438\u0447\u0435\u0441\u043a\u0438\u0435 \u043e\u0431\u044f\u0437\u0430\u0442\u0435\u043b\u044c\u0441\u0442\u0432\u0430 \u0441\u0442\u0443\u0434\u0435\u043d\u0442\u0430<\/a><\/li><li><a rel=\"noreferrer noopener\" href=\"https:\/\/roseninstitute.net\/wp-content\/uploads\/2018\/07\/Student-Pledge-\u044d\u0442\u0438\u043a\u0430-\u0441\u0442\u0443\u0434\u0435\u043d\u0442\u044b.pdf\" target=\"_blank\">\u044d\u0442\u0438\u043a\u0430 \u0441\u0442\u0443\u0434\u0435\u043d\u0442\u044b<\/a><\/li><\/ul><h4 class=\"wp-block-heading\">Serbian Language<\/h4><ul class=\"wp-block-list\"><li><a rel=\"noreferrer noopener\" href=\"https:\/\/roseninstitute.net\/wp-content\/uploads\/2019\/04\/RIEthicsPolicy_Jun2017_SR.pdf\" target=\"_blank\">Eti\u010dki principi, oblast primene i kodeks profesionalnog pona\u0161anja za Rozen metodu i Rozen pokrete<\/a><\/li><li><a rel=\"noreferrer noopener\" href=\"https:\/\/roseninstitute.net\/wp-content\/uploads\/2019\/04\/RIEthicsPolicy_PractitionerPledge_Jun2015_SR.pdf\" target=\"_blank\">Eti\u010dka zakletva<\/a><\/li><li><a rel=\"noreferrer noopener\" href=\"https:\/\/roseninstitute.net\/wp-content\/uploads\/2019\/04\/RIEthicsPolicy_StudentPlege_Jun2015_SR.pdf\" target=\"_blank\">Eti\u010dke obaveze u\u010denika<\/a><\/li><\/ul><h4 class=\"wp-block-heading\">Spanish Language<\/h4><ul class=\"wp-block-list\"><li><a rel=\"noreferrer noopener\" href=\"https:\/\/roseninstitute.net\/wp-content\/uploads\/2018\/07\/Principios-\u00e9ticos-del-Instituto-Rosen.-Versi\u00f3n-definitiva.abril-26-2018-2.pdf\" target=\"_blank\">Principios \u00e9ticos del Instituto Rosen<\/a><\/li><li><a rel=\"noreferrer noopener\" href=\"https:\/\/roseninstitute.net\/wp-content\/uploads\/2018\/07\/Compromiso-\u00e9tico-de-los-practicantes-1-2.pdf\" target=\"_blank\">Compromiso \u00e9tico de los practicantes<\/a><\/li><li><a rel=\"noreferrer noopener\" href=\"https:\/\/roseninstitute.net\/wp-content\/uploads\/2018\/07\/Compromiso-\u00e9tico-del-estudiante-2.pdf\" target=\"_blank\">Compromiso \u00e9ticos del estudiante<\/a><\/li><\/ul>","protected":false},"excerpt":{"rendered":"Rosen Institute policies support and protect professionals in their Rosen Method practice and training as well as clients who benefit from the services of Rosen Method professionals.&nbsp;&nbsp;The&nbsp;Ethical Principle, Scope of Practice, and Professional Code of Conduct&nbsp;was adopted by the Board in October of 2014, replacing an older version from 1996.&nbsp;&nbsp; This policy is accompanied by ... <a href='https:\/\/roseninstitute.net\/fr\/rosen-institute-ethics-policies\/' class='read-more'>Read more<\/a>","protected":false},"author":14,"featured_media":0,"parent":0,"menu_order":0,"comment_status":"closed","ping_status":"closed","template":"","meta":{"_acf_changed":false,"footnotes":""},"class_list":["post-6737","page","type-page","status-publish","hentry"],"acf":[],"_links":{"self":[{"href":"https:\/\/roseninstitute.net\/fr\/wp-json\/wp\/v2\/pages\/6737","targetHints":{"allow":["GET"]}}],"collection":[{"href":"https:\/\/roseninstitute.net\/fr\/wp-json\/wp\/v2\/pages"}],"about":[{"href":"https:\/\/roseninstitute.net\/fr\/wp-json\/wp\/v2\/types\/page"}],"author":[{"embeddable":true,"href":"https:\/\/roseninstitute.net\/fr\/wp-json\/wp\/v2\/users\/14"}],"replies":[{"embeddable":true,"href":"https:\/\/roseninstitute.net\/fr\/wp-json\/wp\/v2\/comments?post=6737"}],"version-history":[{"count":0,"href":"https:\/\/roseninstitute.net\/fr\/wp-json\/wp\/v2\/pages\/6737\/revisions"}],"wp:attachment":[{"href":"https:\/\/roseninstitute.net\/fr\/wp-json\/wp\/v2\/media?parent=6737"}],"curies":[{"name":"wp","href":"https:\/\/api.w.org\/{rel}","templated":true}]}}