{"id":18,"date":"2015-03-21T17:29:44","date_gmt":"2015-03-21T17:29:44","guid":{"rendered":"http:\/\/roseninstitute.wpengine.com\/?page_id=18"},"modified":"2019-04-15T19:06:07","modified_gmt":"2019-04-15T23:06:07","slug":"about-rosen-method","status":"publish","type":"page","link":"https:\/\/roseninstitute.net\/fr\/about\/about-rosen-method\/","title":{"rendered":"A propos de la m\u00e9thode Rosen"},"content":{"rendered":"<p><img loading=\"lazy\" decoding=\"async\" class=\" size-full wp-image-149 alignleft\" src=\"http:\/\/roseninstitute.wpengine.com\/wp-content\/uploads\/2015\/03\/pic-marion.jpg\" alt=\"pic-marion\" width=\"124\" height=\"166\" srcset=\"https:\/\/roseninstitute.wpenginepowered.com\/wp-content\/uploads\/2015\/03\/pic-marion.jpg 124w, https:\/\/roseninstitute.wpenginepowered.com\/wp-content\/uploads\/2015\/03\/pic-marion-112x150.jpg 112w, https:\/\/roseninstitute.wpenginepowered.com\/wp-content\/uploads\/2015\/03\/pic-marion-90x120.jpg 90w\" sizes=\"auto, (max-width: 124px) 100vw, 124px\" \/><\/p>\n<p>La m\u00e9thode Rosen se fonde sur l\u2019innovation pionni\u00e8re de Marion Rosen. En 70 ans de kin\u00e9sith\u00e9rapie et de travail sur le corps, elle a d\u00e9velopp\u00e9 une approche unique qui met en valeur la conscience de soi.<\/p>\n<p>L\u2019\u00e9coute par le toucher d\u2019un praticien de Travail Corporel de la M\u00e9thode Rosen am\u00e8ne \u00e0 une relaxation profonde, une compr\u00e9hension approfondie et une meilleureconnaissance de soi-m\u00eame.<\/p>\n<p>En m\u00eame temps que ce toucher sp\u00e9cifique, Marion a d\u00e9velopp\u00e9 le Mouvement Rosen. Ce sont des cours d\u2019une heure qui encouragent la relaxation \u00e0 travers un \u00e9ventailde mouvements ex\u00e9cut\u00e9s en musique. Les participants r\u00e9guliers \u00e0 ces cours disent que les tensions chroniques sont soulag\u00e9es pendant qu\u2019ils appr\u00e9cient les mouvements en groupe.<\/p>\n<p><!--<iframe loading=\"lazy\" src=\"https:\/\/player.vimeo.com\/video\/147545474?title=0&byline=0&portrait=0\" width=\"500\" height=\"375\" frameborder=\"0\" allowfullscreen=\"allowfullscreen\"><\/iframe>--><\/p>\n<style>.embed-container { position: relative; padding-bottom: 75%; height: 0; overflow: hidden; max-width: 100%; } .embed-container iframe, .embed-container object, .embed-container embed { position: absolute; top: 0; left: 0; width: 100%; height: 100%; }<\/style>\n<div class=\"embed-container\"><iframe loading=\"lazy\" src=\"https:\/\/player.vimeo.com\/video\/147545474\" width=\"300\" height=\"150\" frameborder=\"0\" allowfullscreen=\"allowfullscreen\"><\/iframe><\/div>\n","protected":false},"excerpt":{"rendered":"La m\u00e9thode Rosen se fonde sur l\u2019innovation pionni\u00e8re de Marion Rosen. En 70 ans de kin\u00e9sith\u00e9rapie et de travail sur le corps, elle a d\u00e9velopp\u00e9 une approche unique qui met en valeur la conscience de soi. L\u2019\u00e9coute par le toucher d\u2019un praticien de Travail Corporel de la M\u00e9thode Rosen am\u00e8ne \u00e0 une relaxation profonde, une ... <a href='https:\/\/roseninstitute.net\/fr\/about\/about-rosen-method\/' class='read-more'>Read more<\/a>","protected":false},"author":14,"featured_media":0,"parent":4,"menu_order":25,"comment_status":"open","ping_status":"open","template":"","meta":{"_acf_changed":false,"footnotes":""},"class_list":["post-18","page","type-page","status-publish","hentry"],"acf":[],"_links":{"self":[{"href":"https:\/\/roseninstitute.net\/fr\/wp-json\/wp\/v2\/pages\/18","targetHints":{"allow":["GET"]}}],"collection":[{"href":"https:\/\/roseninstitute.net\/fr\/wp-json\/wp\/v2\/pages"}],"about":[{"href":"https:\/\/roseninstitute.net\/fr\/wp-json\/wp\/v2\/types\/page"}],"author":[{"embeddable":true,"href":"https:\/\/roseninstitute.net\/fr\/wp-json\/wp\/v2\/users\/14"}],"replies":[{"embeddable":true,"href":"https:\/\/roseninstitute.net\/fr\/wp-json\/wp\/v2\/comments?post=18"}],"version-history":[{"count":0,"href":"https:\/\/roseninstitute.net\/fr\/wp-json\/wp\/v2\/pages\/18\/revisions"}],"up":[{"embeddable":true,"href":"https:\/\/roseninstitute.net\/fr\/wp-json\/wp\/v2\/pages\/4"}],"wp:attachment":[{"href":"https:\/\/roseninstitute.net\/fr\/wp-json\/wp\/v2\/media?parent=18"}],"curies":[{"name":"wp","href":"https:\/\/api.w.org\/{rel}","templated":true}]}}