{"id":6,"date":"2015-03-21T17:17:35","date_gmt":"2015-03-21T17:17:35","guid":{"rendered":"http:\/\/roseninstitute.wpengine.com\/?page_id=6"},"modified":"2019-07-01T16:01:40","modified_gmt":"2019-07-01T20:01:40","slug":"history","status":"publish","type":"page","link":"https:\/\/roseninstitute.net\/fi\/about\/about-rosen-institute\/history\/","title":{"rendered":"Rosen Instituutin historiasta"},"content":{"rendered":"<div class=\"t pg-1m0 pg-1x0 pg-1h6 pg-1y1e pg-1ff3 pg-1fs3 pg-1fc0 pg-1sc0 pg-1ls0 pg-1ws0\">Rosen Instituutti perustettiin maaliskuussa 1983, jolloin allekirjoitettiin virallise t paperit ja valittiin ensimm\u00e4iset toimihenkil\u00f6t. Presidentiksi valittiin Sandra Wooten, sihteeriksi Elaine Mayland ja rahastonhoitajaksi Sue Brenner.<\/div>\n<p>Sandra Wooten oli esitt\u00e4nyt ajatuksen Rosen Instituutin perustamisesta toukokuussa 1982, pian Marion Rosenin ensimm\u00e4isen opiskelijaryhm\u00e4n aloittamisen j\u00e4lkeen.<\/p>\n<div class=\"t pg-2m0 pg-2x0 pg-2h2 pg-2y4 pg-2ff1 pg-2fs0 pg-2fc0 pg-2sc0 pg-2ls0 pg-2ws0\">Instituutin alkuper\u00e4inen ajatus on hyvin l\u00e4hell\u00e4 nykyist\u00e4 Rosen Instituutin teht\u00e4v \u00e4\u00e4 ja visiota. N\u00e4m\u00e4 edell\u00e4 mainitut uranuurtajat \u2013 Marion Rosenin suostumuksella \u2013\u00a0 \u00e4ht\u00e4siv\u00e4tkehoty\u00f6skentelyn tukemiseen, pitiv \u00e4t yll\u00e4 opetuksen tasoa ja halusivat kunnioittaa ensimm\u00e4isen opiskelijaryhm\u00e4n t<\/div>\n<div class=\"t pg-2m0 pg-2x0 pg-2h2 pg-2y8 pg-2ff1 pg-2fs0 pg-2fc0 pg-2sc0 pg-2ls0 pg-2ws0\">y\u00f6t\u00e4 saattaa Rosen-metodi maailmalle.<\/div>\n<div><\/div>\n<div class=\"t pg-2m0 pg-2x0 pg-2h2 pg-2y9 pg-2ff1 pg-2fs0 pg-2fc0 pg-2sc0 pg-2ls0 pg-2ws0\">Monet Marionin ensimm\u00e4isist\u00e4 oppilaista tekev\u00e4t yh\u00e4 t\u00f6it\u00e4 kouluissa, kursseilla ja opettavat intensiivi- kursseilla. N\u00e4in he jakavat omaa osaamistaan ja korkeasti arvostettua\u00a0 iet\u00e4myst\u00e4\u00e4nuusille opiskelijoille ymp\u00e4ri maailman. Heid\u00e4n kokemu staan, omistautumistaan ja sitoutumistaan arvostetaan ja kiitet\u00e4\u00e4n laajalti.<\/div>\n<h4><\/h4>\n","protected":false},"excerpt":{"rendered":"Rosen Instituutti perustettiin maaliskuussa 1983, jolloin allekirjoitettiin virallise t paperit ja valittiin ensimm\u00e4iset toimihenkil\u00f6t. Presidentiksi valittiin Sandra Wooten, sihteeriksi Elaine Mayland ja rahastonhoitajaksi Sue Brenner. Sandra Wooten oli esitt\u00e4nyt ajatuksen Rosen Instituutin perustamisesta toukokuussa 1982, pian Marion Rosenin ensimm\u00e4isen opiskelijaryhm\u00e4n aloittamisen j\u00e4lkeen. Instituutin alkuper\u00e4inen ajatus on hyvin l\u00e4hell\u00e4 nykyist\u00e4 Rosen Instituutin teht\u00e4v \u00e4\u00e4 ja visiota. ... <a href='https:\/\/roseninstitute.net\/fi\/about\/about-rosen-institute\/history\/' class='read-more'>Read more<\/a>","protected":false},"author":14,"featured_media":0,"parent":9,"menu_order":22,"comment_status":"open","ping_status":"open","template":"","meta":{"_acf_changed":false,"footnotes":""},"class_list":["post-6","page","type-page","status-publish","hentry"],"acf":[],"_links":{"self":[{"href":"https:\/\/roseninstitute.net\/fi\/wp-json\/wp\/v2\/pages\/6","targetHints":{"allow":["GET"]}}],"collection":[{"href":"https:\/\/roseninstitute.net\/fi\/wp-json\/wp\/v2\/pages"}],"about":[{"href":"https:\/\/roseninstitute.net\/fi\/wp-json\/wp\/v2\/types\/page"}],"author":[{"embeddable":true,"href":"https:\/\/roseninstitute.net\/fi\/wp-json\/wp\/v2\/users\/14"}],"replies":[{"embeddable":true,"href":"https:\/\/roseninstitute.net\/fi\/wp-json\/wp\/v2\/comments?post=6"}],"version-history":[{"count":0,"href":"https:\/\/roseninstitute.net\/fi\/wp-json\/wp\/v2\/pages\/6\/revisions"}],"up":[{"embeddable":true,"href":"https:\/\/roseninstitute.net\/fi\/wp-json\/wp\/v2\/pages\/9"}],"wp:attachment":[{"href":"https:\/\/roseninstitute.net\/fi\/wp-json\/wp\/v2\/media?parent=6"}],"curies":[{"name":"wp","href":"https:\/\/api.w.org\/{rel}","templated":true}]}}