{"id":30,"date":"2015-03-21T17:34:53","date_gmt":"2015-03-21T17:34:53","guid":{"rendered":"http:\/\/roseninstitute.wpengine.com\/?page_id=30"},"modified":"2019-05-14T12:44:09","modified_gmt":"2019-05-14T16:44:09","slug":"bodywork","status":"publish","type":"page","link":"https:\/\/roseninstitute.net\/es\/training\/bodywork\/","title":{"rendered":"Los programas de entrenamiento para el Trabajo Corporal y su certificaci\u00f3n"},"content":{"rendered":"<p><img loading=\"lazy\" decoding=\"async\" class=\"size-medium wp-image-429 alignleft\" src=\"http:\/\/roseninstitute.wpengine.com\/wp-content\/uploads\/2015\/06\/Rosen-Method-Training-10-300x173.jpg\" alt=\"Rosen-Method-Training-10\" width=\"300\" height=\"173\" srcset=\"https:\/\/roseninstitute.wpenginepowered.com\/wp-content\/uploads\/2015\/06\/Rosen-Method-Training-10-300x173.jpg 300w, https:\/\/roseninstitute.wpenginepowered.com\/wp-content\/uploads\/2015\/06\/Rosen-Method-Training-10-416x240.jpg 416w, https:\/\/roseninstitute.wpenginepowered.com\/wp-content\/uploads\/2015\/06\/Rosen-Method-Training-10-150x87.jpg 150w, https:\/\/roseninstitute.wpenginepowered.com\/wp-content\/uploads\/2015\/06\/Rosen-Method-Training-10-650x376.jpg 650w, https:\/\/roseninstitute.wpenginepowered.com\/wp-content\/uploads\/2015\/06\/Rosen-Method-Training-10-90x52.jpg 90w, https:\/\/roseninstitute.wpenginepowered.com\/wp-content\/uploads\/2015\/06\/Rosen-Method-Training-10.jpg 656w\" sizes=\"auto, (max-width: 300px) 100vw, 300px\" \/><\/p>\n<p>El entrenamiento para el Trabajo Corporal del M\u00e9todo Rosen es un programa riguroso con una duraci\u00f3n de varios a\u00f1os. Los estudiantes que deseen obtener su certificaci\u00f3n como practicantes del Trabajo Corporal del M\u00e9todo Rosen a fin de poder establecer una pr\u00e1ctica profesional privada y \/ o trabajar en un entorno profesional institucional, deben completar con \u00e9xito un internado que incluye el entrenamiento avanzado y el desarrollo de una cartera de clientes. Los prerrequisitos para recibir el entrenamiento incluyen asistir a un taller introductorio de Trabajo Corporal del M\u00e9todo Rosen o su equivalente.<\/p>\n<p>Los requisitos para la formaci\u00f3n incluyen: de 266 a 322 horas totales de clases en el aula (mismas que var\u00edan dependiendo de la especificidad en la trayectoria de formaci\u00f3n del alumno); sesiones personales de Trabajo Corporal, sesiones de pr\u00e1ctica individual con clientes supervisadas por profesionales, y lecciones de anatom\u00eda t\u00e9cnica y experiencial.<\/p>\n<p>Una vez que los estudiantes terminan su formaci\u00f3n en el aula y el equipo de entrenamiento los aprueba, comienza un per\u00edodo de internados. Los requisitos m\u00ednimos para el internado son 25 horas de Trabajo Corporal personal, 25 supervisiones, 350 horas de trabajo con clientes y 5 opiniones por escrito de un igual n\u00famero de clientes.<\/p>\n<p><strong>Nota<\/strong>: Los requisitos que han sido enumerados representan los criterios m\u00ednimos que se deben cubrir exitosamente en cada nivel. Sin embargo, a discreci\u00f3n de la escuela o de los centros de formaci\u00f3n, es posible que se soliciten requisitos adicionales.<\/p>\n<p>Para quienes buscan oportunidades de crecimiento personal, los cursos de formaci\u00f3n para el Trabajo Corporal del M\u00e9todo Rosen se pueden tomar de manera individual sin necesidad de aspirar a obtener una certificaci\u00f3n. Los cursos de entrenamiento tambi\u00e9n resultan id\u00f3neos para los profesionales de otras modalidades que buscan ampliar sus conocimientos y \/ o adquirir cr\u00e9ditos de educaci\u00f3n continua.<\/p>\n<p>Para obtener mayor informaci\u00f3n sobre los requisitos para acceder a los\u00a0 programas de formaci\u00f3n, p\u00f3ngase en contacto con el Instituto Rosen.<\/p>\n","protected":false},"excerpt":{"rendered":"El entrenamiento para el Trabajo Corporal del M\u00e9todo Rosen es un programa riguroso con una duraci\u00f3n de varios a\u00f1os. Los estudiantes que deseen obtener su certificaci\u00f3n como practicantes del Trabajo Corporal del M\u00e9todo Rosen a fin de poder establecer una pr\u00e1ctica profesional privada y \/ o trabajar en un entorno profesional institucional, deben completar con ... <a href='https:\/\/roseninstitute.net\/es\/training\/bodywork\/' class='read-more'>Read more<\/a>","protected":false},"author":14,"featured_media":0,"parent":26,"menu_order":16,"comment_status":"open","ping_status":"open","template":"","meta":{"_acf_changed":false,"footnotes":""},"class_list":["post-30","page","type-page","status-publish","hentry"],"acf":[],"_links":{"self":[{"href":"https:\/\/roseninstitute.net\/es\/wp-json\/wp\/v2\/pages\/30","targetHints":{"allow":["GET"]}}],"collection":[{"href":"https:\/\/roseninstitute.net\/es\/wp-json\/wp\/v2\/pages"}],"about":[{"href":"https:\/\/roseninstitute.net\/es\/wp-json\/wp\/v2\/types\/page"}],"author":[{"embeddable":true,"href":"https:\/\/roseninstitute.net\/es\/wp-json\/wp\/v2\/users\/14"}],"replies":[{"embeddable":true,"href":"https:\/\/roseninstitute.net\/es\/wp-json\/wp\/v2\/comments?post=30"}],"version-history":[{"count":0,"href":"https:\/\/roseninstitute.net\/es\/wp-json\/wp\/v2\/pages\/30\/revisions"}],"up":[{"embeddable":true,"href":"https:\/\/roseninstitute.net\/es\/wp-json\/wp\/v2\/pages\/26"}],"wp:attachment":[{"href":"https:\/\/roseninstitute.net\/es\/wp-json\/wp\/v2\/media?parent=30"}],"curies":[{"name":"wp","href":"https:\/\/api.w.org\/{rel}","templated":true}]}}