{"id":250,"date":"2015-06-25T17:33:17","date_gmt":"2015-06-25T17:33:17","guid":{"rendered":"http:\/\/roseninstitute.wpengine.com\/?page_id=250"},"modified":"2024-03-07T19:46:25","modified_gmt":"2024-03-08T00:46:25","slug":"about-membership","status":"publish","type":"page","link":"https:\/\/roseninstitute.net\/es\/membership\/about-membership\/","title":{"rendered":"Acerca de la Membres\u00eda"},"content":{"rendered":"<p>El Instituto Rosen cuenta con el respaldo de sus miembros en m\u00e1s de 14 pa\u00edses en todo el mundo. Este apoyo se lo brindan a trav\u00e9s de las cuotas de membres\u00eda, las donaciones en especie y monetarias que recibe, y el trabajo de los grupos de voluntarios dedicados que donan muchas horas de su tiempo para desarrollar el M\u00e9todo Rosen tanto a nivel de sus localidades como a nivel mundial.<\/p>\n<p><strong><em>La membres\u00eda del Instituto Rosen est\u00e1 abierta a:<\/em><\/strong><\/p>\n<ul>\n<li>los estudiantes del M\u00e9todo Rosen (en particular a las personas que est\u00e9n interesadas \u200b\u200ben progresar hacia la pr\u00e1ctica profesional, se les exhorta a obtener la membres\u00eda)<\/li>\n<\/ul>\n<ul>\n<li>los internos del Trabajo Corporal y de Movimiento<\/li>\n<li>los practicantes del Trabajo Corporal y a los maestros de Movimiento<\/li>\n<li>los profesores \/ entrenadores<\/li>\n<li>los profesores m\u00e1s antiguos y de mayor jerarqu\u00eda (s\u00e9nior)<\/li>\n<li>las escuelas y a los centros de formaci\u00f3n<\/li>\n<\/ul>\n<p><em>La membres\u00eda de asociado tambi\u00e9n se ofrece a:<\/em><\/p>\n<ul>\n<li>los profesionales retirados del M\u00e9todo Rosen.<\/li>\n<li>quienes estudian el M\u00e9todo Rosen para su crecimiento personal (y no est\u00e1n interesados en seguir una trayectoria de orden profesional).<\/li>\n<li>los individuos, o a las organizaciones que deseen apoyar al Instituto Rosen.<\/li>\n<\/ul>\n<p>La pol\u00edtica del Instituto Rosen estipula que todas las personas que participen en los programas de entrenamiento; es decir, los internos, maestros, practicantes, as\u00ed como los supervisores que trabajen con internos, deben ser miembros del instituto y gozar de buena reputaci\u00f3n.<\/p>\n<p><strong>\u00bfPor qu\u00e9 afiliarse al Instituto Rosen?<\/strong><\/p>\n<p>A trav\u00e9s de sus cuotas anuales por concepto de membres\u00eda, los miembros del Instituto Rosen respaldan con hechos el crecimiento del M\u00e9todo Rosen, tanto a nivel local como global. Las cuotas anuales representan una contribuci\u00f3n necesaria para financiar los aspectos del d\u00eda a d\u00eda y los proyectos de mayor envergadura que tiene el Instituto; estos incluyen:<\/p>\n<ul>\n<li>El mantenimiento de la marca de los servicios en m\u00e1s de 20 pa\u00edses;<\/li>\n<li>El desarrollo de pol\u00edticas para apoyar y proteger a los profesionales en su pr\u00e1ctica profesional y durante la impartici\u00f3n de los programas de entrenamiento del M\u00e9todo Rosen, as\u00ed como a los clientes que se benefician del mismo;<\/li>\n<li>La administraci\u00f3n del sitio web del Instituto Rosen;<\/li>\n<li>La facilitaci\u00f3n de la comunicaci\u00f3n entre todas las modalidades de la pr\u00e1ctica profesional del M\u00e9todo Rosen en nuestra comunidad global; y<\/li>\n<li>El involucramiento del Instituto Rosen en el marco de la formaci\u00f3n que imparten las escuelas y los centros de formaci\u00f3n certificados que ofrecen educaci\u00f3n Rosen, y que a su vez certifican a los graduados en todos los niveles<\/li>\n<\/ul>\n<p>Todo lo anterior garantiza el cumplimiento y el mantenimiento de los est\u00e1ndares de calidad, tanto en la pr\u00e1ctica profesional, como en el entrenamiento. Con base en estos fundamentos, el Instituto Rosen busca mantener y hacer crecer a una comunidad vibrante integrada por compa\u00f1eros profesionales, maestros, estudiantes e internos que est\u00e1n dedicados al M\u00e9todo Rosen y a su desarrollo. Las contribuciones de los miembros y, lo que es igualmente importante, su compromiso con el Instituto Rosen, aportan vida y energ\u00eda a nuestro trabajo.<\/p>\n<p><strong>Beneficios que se adquieren al obtener una membres\u00eda del Instituto Rosen <\/strong><\/p>\n<ul>\n<li>La seguridad de que su trabajo y su carrera est\u00e1n respaldados por una organizaci\u00f3n profesional que se preocupa por la calidad del trabajo de todos los profesionales, docentes y educadores en todo el mundo.<\/li>\n<li>El acceso a la informaci\u00f3n m\u00e1s reciente sobre la educaci\u00f3n continua y las oportunidades espec\u00edficas de aprendizaje Rosen que est\u00e1n disponibles para usted.<\/li>\n<li>Tener la satisfacci\u00f3n de saber que su membres\u00eda representa una contribuci\u00f3n vital para ayudar a desarrollar el M\u00e9todo Rosen a nivel local y global.<\/li>\n<\/ul>\n<p><strong>Cuotas de afiliaci\u00f3n<\/strong><\/p>\n<p>Profesores s\u00e9nior, tanto del Trabajo Corporal como de Movimiento,\u00a0 \u00a0 \u00a0 \u00a0 \u00a0 \u00a0 \u00a0 \u00a0 \u00a0 \u00a0\u20ac 150<\/p>\n<p>Practicantes del Trabajo Corporal y profesores de las clases de Movimiento,\u00a0 \u00a0 \u20ac 100<\/p>\n<p>Internos,\u00a0 \u00a0 \u00a0 \u00a0 \u00a0 \u00a0 \u00a0 \u00a0 \u00a0 \u00a0 \u00a0 \u00a0 \u00a0 \u00a0 \u00a0 \u00a0 \u00a0 \u00a0 \u00a0 \u00a0 \u00a0 \u00a0 \u00a0 \u00a0 \u00a0 \u00a0 \u00a0 \u00a0 \u00a0 \u00a0 \u00a0 \u00a0 \u00a0 \u00a0 \u00a0 \u00a0 \u00a0 \u00a0 \u00a0 \u00a0 \u00a0 \u00a0 \u00a0 \u00a0 \u00a0 \u00a0 \u00a0 \u00a0 \u00a0 \u00a0 \u00a0 \u00a0 \u00a0 \u00a0 \u00a0 \u00a0 \u00a0 \u00a0 \u00a0 \u00a0 \u00a0 \u00a0 \u00a0 \u20ac \u00a0\u00a050<\/p>\n<p>Estudiantes, \u00a0\u00a0\u00a0\u00a0\u00a0\u00a0\u00a0\u00a0\u00a0\u00a0\u00a0\u00a0\u00a0\u00a0\u00a0\u00a0\u00a0\u00a0\u00a0\u00a0\u00a0\u00a0\u00a0\u00a0\u00a0\u00a0\u00a0\u00a0\u00a0\u00a0\u00a0\u00a0\u00a0\u00a0\u00a0\u00a0\u00a0\u00a0\u00a0\u00a0\u00a0\u00a0\u00a0\u00a0\u00a0\u00a0\u00a0\u00a0\u00a0\u00a0\u00a0 \u00a0\u00a0\u00a0\u00a0\u00a0\u00a0\u00a0\u00a0\u00a0\u00a0\u00a0\u00a0\u00a0\u00a0\u00a0\u00a0\u00a0\u00a0\u00a0\u00a0\u00a0\u00a0\u00a0 \u00a0\u00a0\u00a0\u00a0\u00a0\u00a0donaci\u00f3n voluntaria.<\/p>\n<p>\u00a0<\/p><p><\/p>","protected":false},"excerpt":{"rendered":"El Instituto Rosen cuenta con el respaldo de sus miembros en m\u00e1s de 14 pa\u00edses en todo el mundo. Este apoyo se lo brindan a trav\u00e9s de las cuotas de membres\u00eda, las donaciones en especie y monetarias que recibe, y el trabajo de los grupos de voluntarios dedicados que donan muchas horas de su tiempo ... <a href='https:\/\/roseninstitute.net\/es\/membership\/about-membership\/' class='read-more'>Read more<\/a>","protected":false},"author":14,"featured_media":0,"parent":36,"menu_order":0,"comment_status":"open","ping_status":"open","template":"","meta":{"_acf_changed":false,"footnotes":""},"class_list":["post-250","page","type-page","status-publish","hentry"],"acf":[],"_links":{"self":[{"href":"https:\/\/roseninstitute.net\/es\/wp-json\/wp\/v2\/pages\/250","targetHints":{"allow":["GET"]}}],"collection":[{"href":"https:\/\/roseninstitute.net\/es\/wp-json\/wp\/v2\/pages"}],"about":[{"href":"https:\/\/roseninstitute.net\/es\/wp-json\/wp\/v2\/types\/page"}],"author":[{"embeddable":true,"href":"https:\/\/roseninstitute.net\/es\/wp-json\/wp\/v2\/users\/14"}],"replies":[{"embeddable":true,"href":"https:\/\/roseninstitute.net\/es\/wp-json\/wp\/v2\/comments?post=250"}],"version-history":[{"count":0,"href":"https:\/\/roseninstitute.net\/es\/wp-json\/wp\/v2\/pages\/250\/revisions"}],"up":[{"embeddable":true,"href":"https:\/\/roseninstitute.net\/es\/wp-json\/wp\/v2\/pages\/36"}],"wp:attachment":[{"href":"https:\/\/roseninstitute.net\/es\/wp-json\/wp\/v2\/media?parent=250"}],"curies":[{"name":"wp","href":"https:\/\/api.w.org\/{rel}","templated":true}]}}