{"id":9,"date":"2015-03-21T17:22:27","date_gmt":"2015-03-21T17:22:27","guid":{"rendered":"http:\/\/roseninstitute.wpengine.com\/?page_id=9"},"modified":"2021-10-13T18:50:46","modified_gmt":"2021-10-13T22:50:46","slug":"about-rosen-institute","status":"publish","type":"page","link":"https:\/\/roseninstitute.net\/de\/about\/about-rosen-institute\/","title":{"rendered":"\u00dcber das Rosen-Institut"},"content":{"rendered":"<p>Rosen Methode &#8218;Bodywork&#8216;- und &#8218;Movement&#8216;- Ausgebildete praktizieren in \u00fcber 14 Nationen weltweit. Die Dachorganisation, welche diese weltweiten Aktivit\u00e4ten \u00fcberschaut, ist das Rosen Institut. Sie bewahrt die Rosen Methode innerhalb ihrer Parameter der elementaren Prinzipien, wo immer sie gelehrt und ausge\u00fcbt wird.<\/p>\n<p>Somit setzt das Rosen Institut den Umfang der T\u00e4tigkeit und die Grunds\u00e4tze der Qualit\u00e4t zur Ausbildung der Rosen Methode f\u00fcr K\u00f6rperarbeit, Bewegungslehrkr\u00e4fte, AusbildnerInnen, Schulen und Ausbildungszentren weltweit. In Ausbildungstehende und Praktizierende unterst\u00fctzen die Organisation durch ihre Mitgliedschaft. Solche, die nicht mehr praktizieren sowie andere, welche die Arbeit des Rosen Instituts unterst\u00fctzen m\u00f6chten, sind willkommen assoziierte Mitglieder zu werden.<\/p>\n","protected":false},"excerpt":{"rendered":"Rosen Methode &#8218;Bodywork&#8216;- und &#8218;Movement&#8216;- Ausgebildete praktizieren in \u00fcber 14 Nationen weltweit. Die Dachorganisation, welche diese weltweiten Aktivit\u00e4ten \u00fcberschaut, ist das Rosen Institut. Sie bewahrt die Rosen Methode innerhalb ihrer Parameter der elementaren Prinzipien, wo immer sie gelehrt und ausge\u00fcbt wird. Somit setzt das Rosen Institut den Umfang der T\u00e4tigkeit und die Grunds\u00e4tze der Qualit\u00e4t ... <a href='https:\/\/roseninstitute.net\/de\/about\/about-rosen-institute\/' class='read-more'>Read more<\/a>","protected":false},"author":14,"featured_media":0,"parent":4,"menu_order":20,"comment_status":"open","ping_status":"open","template":"","meta":{"_acf_changed":false,"footnotes":""},"class_list":["post-9","page","type-page","status-publish","hentry"],"acf":[],"_links":{"self":[{"href":"https:\/\/roseninstitute.net\/de\/wp-json\/wp\/v2\/pages\/9","targetHints":{"allow":["GET"]}}],"collection":[{"href":"https:\/\/roseninstitute.net\/de\/wp-json\/wp\/v2\/pages"}],"about":[{"href":"https:\/\/roseninstitute.net\/de\/wp-json\/wp\/v2\/types\/page"}],"author":[{"embeddable":true,"href":"https:\/\/roseninstitute.net\/de\/wp-json\/wp\/v2\/users\/14"}],"replies":[{"embeddable":true,"href":"https:\/\/roseninstitute.net\/de\/wp-json\/wp\/v2\/comments?post=9"}],"version-history":[{"count":0,"href":"https:\/\/roseninstitute.net\/de\/wp-json\/wp\/v2\/pages\/9\/revisions"}],"up":[{"embeddable":true,"href":"https:\/\/roseninstitute.net\/de\/wp-json\/wp\/v2\/pages\/4"}],"wp:attachment":[{"href":"https:\/\/roseninstitute.net\/de\/wp-json\/wp\/v2\/media?parent=9"}],"curies":[{"name":"wp","href":"https:\/\/api.w.org\/{rel}","templated":true}]}}