{"id":72,"date":"2015-03-21T17:47:44","date_gmt":"2015-03-21T17:47:44","guid":{"rendered":"http:\/\/roseninstitute.wpengine.com\/?page_id=72"},"modified":"2019-10-04T14:10:53","modified_gmt":"2019-10-04T18:10:53","slug":"resources","status":"publish","type":"page","link":"https:\/\/roseninstitute.net\/de\/resources\/","title":{"rendered":"Quellen"},"content":{"rendered":"<p>Das Rosen Institut wahrt die Qualit\u00e4t und Standards der Rosen Methode weltweit. Indem f\u00fcr Professionelle der Rosen Methode Quellen zur Verf\u00fcgung stehen, unterst\u00fctzt dies die Entwicklung der hohen Qualit\u00e4t der Praxis und verst\u00e4rkt die Bem\u00fchungen der Schulen und Ausbildungszentren, welche die Ausbildung der Rosen Methode gew\u00e4hrleisten.<\/p>\n<p>Die gesammelten und gespeicherten Quellen werden regelm\u00e4ssig neu aufgelistet. Dieses Archiv soll eine wachsende und reichhaltige Quelle f\u00fcr alle Rosen Methode Involvierte sein. Wir ermutigen zur Einreichung von Beitr\u00e4gen f\u00fcr die &#8218;Bibliothek&#8216;, &#8218;Ereignisse\/ Agenda&#8216; und &#8218;News&#8216; dieser Webseite. Beitr\u00e4ge k\u00f6nnen an<br \/>\n<a href=\"&#109;&#x61;&#x69;&#108;&#x74;&#x6f;:&#x69;&#x6e;f&#111;&#x40;r&#111;&#x73;e&#110;&#x69;n&#115;&#x74;i&#116;&#x75;&#x74;&#101;&#x2e;&#x6e;&#101;&#x74;\">&#x69;&#x6e;&#x66;&#x6f;&#64;&#114;ose&#x6e;&#x69;&#x6e;&#x73;&#116;&#105;tut&#x65;&#x2e;&#x6e;&#x65;&#116;<\/a>\u00a0gesendet werden.<\/p>\n","protected":false},"excerpt":{"rendered":"Das Rosen Institut wahrt die Qualit\u00e4t und Standards der Rosen Methode weltweit. Indem f\u00fcr Professionelle der Rosen Methode Quellen zur Verf\u00fcgung stehen, unterst\u00fctzt dies die Entwicklung der hohen Qualit\u00e4t der Praxis und verst\u00e4rkt die Bem\u00fchungen der Schulen und Ausbildungszentren, welche die Ausbildung der Rosen Methode gew\u00e4hrleisten. Die gesammelten und gespeicherten Quellen werden regelm\u00e4ssig neu aufgelistet. ... <a href='https:\/\/roseninstitute.net\/de\/resources\/' class='read-more'>Read more<\/a>","protected":false},"author":14,"featured_media":0,"parent":0,"menu_order":0,"comment_status":"open","ping_status":"open","template":"","meta":{"_acf_changed":false,"footnotes":""},"class_list":["post-72","page","type-page","status-publish","hentry"],"acf":[],"_links":{"self":[{"href":"https:\/\/roseninstitute.net\/de\/wp-json\/wp\/v2\/pages\/72","targetHints":{"allow":["GET"]}}],"collection":[{"href":"https:\/\/roseninstitute.net\/de\/wp-json\/wp\/v2\/pages"}],"about":[{"href":"https:\/\/roseninstitute.net\/de\/wp-json\/wp\/v2\/types\/page"}],"author":[{"embeddable":true,"href":"https:\/\/roseninstitute.net\/de\/wp-json\/wp\/v2\/users\/14"}],"replies":[{"embeddable":true,"href":"https:\/\/roseninstitute.net\/de\/wp-json\/wp\/v2\/comments?post=72"}],"version-history":[{"count":0,"href":"https:\/\/roseninstitute.net\/de\/wp-json\/wp\/v2\/pages\/72\/revisions"}],"wp:attachment":[{"href":"https:\/\/roseninstitute.net\/de\/wp-json\/wp\/v2\/media?parent=72"}],"curies":[{"name":"wp","href":"https:\/\/api.w.org\/{rel}","templated":true}]}}